{"id":1225,"date":"2018-02-28T14:14:38","date_gmt":"2018-02-28T14:14:38","guid":{"rendered":"http:\/\/sufipedia.org\/?page_id=1225"},"modified":"2024-11-25T15:46:19","modified_gmt":"2024-11-25T15:46:19","slug":"zwitserland","status":"publish","type":"page","link":"https:\/\/sufipedia.nl\/en\/personenregister\/zwitserland\/","title":{"rendered":"Switserland"},"content":{"rendered":"<p>[vc_row css=&#8221;.vc_custom_1517562952751{padding-top: 30px !important;padding-bottom: 30px !important;}&#8221;][vc_column width=&#8221;1\/4&#8243;][vc_single_image image=&#8221;1408&#8243; img_size=&#8221;medium&#8221;][\/vc_column][vc_column width=&#8221;3\/4&#8243;][vc_column_text]<em><strong>Bernoulli, Stifler, Angela, Mangala<\/strong><\/em><\/p>\n<p>Swiss Mureed. Her mother, Mrs. Stifler, was a mureed of Murshid.\u00a0 Mangala arrived in Suresnes at the age of 17 and became the nanny of Murshids children. She is the mother of Amiran van Lohuizen \u2013 Bernoulli, the wife of Hakim (Jelaluddin) van Lohuizen.<\/p>\n<p><img loading=\"lazy\" decoding=\"async\" class=\"alignnone size-medium wp-image-3503 aligncenter\" src=\"https:\/\/sufipedia.nl\/wp-content\/uploads\/2020\/05\/Mangala-Bernouilli-1970-296x300.jpg\" alt=\"\" width=\"296\" height=\"300\" srcset=\"https:\/\/sufipedia.nl\/wp-content\/uploads\/2020\/05\/Mangala-Bernouilli-1970-296x300.jpg 296w, https:\/\/sufipedia.nl\/wp-content\/uploads\/2020\/05\/Mangala-Bernouilli-1970-71x71.jpg 71w, https:\/\/sufipedia.nl\/wp-content\/uploads\/2020\/05\/Mangala-Bernouilli-1970-75x75.jpg 75w, https:\/\/sufipedia.nl\/wp-content\/uploads\/2020\/05\/Mangala-Bernouilli-1970.jpg 466w\" sizes=\"auto, (max-width: 296px) 100vw, 296px\" \/>[\/vc_column_text][\/vc_column][\/vc_row][vc_row][vc_column][vc_separator][\/vc_column][\/vc_row][vc_row css=&#8221;.vc_custom_1517562961122{padding-top: 30px !important;padding-bottom: 30px !important;}&#8221;][vc_column width=&#8221;3\/4&#8243;][vc_column_text]<strong><em>Burkhardt, Martha <\/em><\/strong><\/p>\n<p>Aarau, April 30, 1874 &#8211; Rapperswil January 12, 1956<\/p>\n<p>She studied painting in Paris and Munich. From her twentieth year she was interested in religion. In 1911 and 1912 she traveled to the Far East, visiting many prominent holy places in India, China and Japan. Then she returned home to her mother in Rapperswil and wrote books and articles about the different religions. She also founded a number of charity organizations. She joined the Sufi order of Inayat Khan in 1923.<\/p>\n<p>From her English Wiki Page:<\/p>\n<p>Martha Burkhardt\u00a0was a Swiss painter and photographer. Born in the city of Aarau, she spent her childhood in\u00a0Rapperswil\u00a0and as an adult made Rapperswil again her home.<\/p>\n<p>Martha Burkhardt&#8217;s family moved to Rapperswil in 1880, where her grandparents operated a business at\u00a0Fischmarktstrasse 6\u00a0and where she spent her childhood. A year later, Martha and her younger brother Max lost her father and her grandfather and grew up in her mother&#8217;s and grandmother household. The siblings were artistically gifted, and Max became a decorative painter and later a photographer in Arbon. The rebellious young woman ignored repeatedly the social limits which were imposed to women at the beginning of the 20th century, among others &#8220;she was the first woman in Rapperswil who boarded a bike, to the horror of frightened minds&#8221;. Like her brother, Martha was interested in painting. Aged about 15, she worked as a domestic helper in Lausanne to spend the so-called\u00a0Welschlandjahr\u00a0which at that time usually teenage women absolved in western Switzerland (Welschland) to improve the knowledge of the French language. There, a teacher noticed Martha&#8217;s artistic talent, but the federal art academy only allowed boys to study. Her first experiences as a painter were in Paris, France, from 1898. She then studied from 1901 to 1906 in M\u00fcnchen, Germany, as student of the professors Jankk and Feldbusch. At the school of artists in M\u00fcnchen she met her future girlfriend Meta Kirchner.<\/p>\n<p>Voyages and work<\/p>\n<p>Back in Switzerland, Martha Burkhardt established in\u00a0Rapperswil\u00a0her own atelier to work independently as a painter and to participate exhibitions. She succeeded, and the proceeds from the sale of her paintings allowed her, every year for a few weeks, to go on the road, among others to Italy, Scandinavia and Morocco, and also extensive trips to France, Spain, Russia and even to Constantinople. She also undertook landscape studies in the Netherlands and in Sweden. From Meta Kirchner, she received an invitation to the coronation of King George V on occasion of the\u00a0Delhi Durbar of 1911, from where she traveled extensively through Asia from 1911 to 1914, although few tourists were in those years without male accompaniment. Deeply impressed by the Asian spirituality, she processed her impressions of India, China and Japan in her pictures and wrote newspaper articles and books which she illustrated herself.<\/p>\n<p>Back in Rapperswil, the artist took part in public life. During World War I she was engaged in the food commission of the city, and founded an emergency hospital during the\u00a01918 flu pandemic. Then she was for many years president of the family welfare in the public women&#8217;s association. Martha Burkhardt established the free child care of the charitable women&#8217;s association and founded the first exchange for adopted children in Rapperswil. In 1927 she retired to her self-built house on the Meienberg hill between Rapperswil and\u00a0Jona.<\/p>\n<p>Publications<\/p>\n<ul>\n<li>Chinesische Kultst\u00e4tten Und Kultgebr\u00e4uche. Erlenbach 1920, 2010 reprint by Kessinger Publishing,\u00a0ISBN978-1168541581.<\/li>\n<li>Rapperswil die Rosenstadt\u00a0erz\u00e4hlt aus ihrer ereignisvollen Vergangenheit sowie von ihrem t\u00e4tigen und vergn\u00fcglichen Leben der Gegenwart zu hundert Zeichnungen. Erlenbach-Z\u00fcrich und Leipzig 1921.<\/li>\n<li>Magie und Mystik, Gegensatz und Zusammenhang. Z\u00fcrich und Leipzig 1935.<\/li>\n<\/ul>\n<p>&nbsp;<\/p>\n<p><strong><em>\u00a0<\/em><\/strong>[\/vc_column_text][\/vc_column][vc_column width=&#8221;1\/4&#8243;][vc_single_image image=&#8221;1409&#8243; img_size=&#8221;medium&#8221; alignment=&#8221;right&#8221;][vc_single_image image=&#8221;1410&#8243; img_size=&#8221;medium&#8221; alignment=&#8221;right&#8221;][vc_single_image image=&#8221;1411&#8243; img_size=&#8221;medium&#8221; alignment=&#8221;right&#8221;][\/vc_column][\/vc_row][vc_row][vc_column][vc_separator][\/vc_column][\/vc_row][vc_row css=&#8221;.vc_custom_1517562952751{padding-top: 30px !important;padding-bottom: 30px !important;}&#8221;][vc_column width=&#8221;1\/4&#8243;][vc_single_image image=&#8221;1413&#8243; img_size=&#8221;medium&#8221;][\/vc_column][vc_column width=&#8221;3\/4&#8243;][vc_column_text]<strong><em>Sen Gupta, Kabir, Ranjit<\/em><\/strong><\/p>\n<p><em>10 oktober 1933 tot 5 juli 2011 <\/em><\/p>\n<p>Mureed from Basel of Indian origin. Musharaff and Shahzadi were close friends with Kabir and his wife, Karima, and regularly spent their holidays in Basel. He published a work about pranayama.[\/vc_column_text][\/vc_column][\/vc_row][vc_row][vc_column][vc_separator][\/vc_column][\/vc_row][vc_row css=&#8221;.vc_custom_1517562961122{padding-top: 30px !important;padding-bottom: 30px !important;}&#8221;][vc_column width=&#8221;3\/4&#8243;][vc_column_text]<strong><em>Sen Gupta &#8211; Tuchtfeldt, Karima<\/em><\/strong><\/p>\n<p>Born in 1932<\/p>\n<p>Karima Sen Gupta-Tuchtfeldt, born in 1932 in Hamburg, studied German, pedagogy, comparative religious studies; she was a primary school teacher for a few years, married to an Indian man, Kabir Sen Gupta. Her early interest in the spiritual traditions of the East brought her into contact with the teachings of Sufi master Hazrat Inayat Khan in 1956. She now lives in Switzerland and works for the international Sufi movement. She published the two anthologies from the work of Hazrat Inayat Khan with the titles &#8220;From the Happiness of Harmony&#8221; and &#8220;Wanderer on the Inner Path&#8221; by Verlag Heilbronn and worked from 1970 to 1995 for the Sufi magazine &#8220;SIFAT&#8221;.<\/p>\n<p>Two of her books have been translated into Dutch: &#8216;Travelers on the Inner Path&#8217; and: &#8216;About Happiness and Harmony&#8217;.[\/vc_column_text][\/vc_column][vc_column width=&#8221;1\/4&#8243;][vc_single_image image=&#8221;1414&#8243; img_size=&#8221;medium&#8221; alignment=&#8221;right&#8221;][\/vc_column][\/vc_row][vc_row css=&#8221;.vc_custom_1517562952751{padding-top: 30px !important;padding-bottom: 30px !important;}&#8221;][vc_column width=&#8221;1\/4&#8243;][vc_single_image image=&#8221;3492&#8243; img_size=&#8221;medium&#8221;][\/vc_column][vc_column width=&#8221;3\/4&#8243;][vc_column_text]<strong>Sureli Zahler<\/strong><\/p>\n<p>No biographical details yet[\/vc_column_text][\/vc_column][\/vc_row][vc_row][vc_column][vc_separator][\/vc_column][\/vc_row]<\/p>","protected":false},"excerpt":{"rendered":"<p>[vc_row css=&#8221;.vc_custom_1517562952751{padding-top: 30px !important;padding-bottom: 30px !important;}&#8221;][vc_column width=&#8221;1\/4&#8243;][vc_single_image image=&#8221;1408&#8243; img_size=&#8221;medium&#8221;][\/vc_column][vc_column width=&#8221;3\/4&#8243;][vc_column_text]Bernoulli, Stifler, Angela, Mangala Swiss Mureed. Her mother, Mrs. Stifler, was a mureed of Murshid.\u00a0 Mangala arrived in Suresnes at the age of 17 and became the nanny of Murshids children. She is the mother of Amiran van Lohuizen \u2013 Bernoulli, the wife of Hakim (Jelaluddin) [&hellip;]<\/p>\n","protected":false},"author":1,"featured_media":0,"parent":17,"menu_order":0,"comment_status":"closed","ping_status":"closed","template":"","meta":{"footnotes":""},"class_list":["post-1225","page","type-page","status-publish","hentry"],"_links":{"self":[{"href":"https:\/\/sufipedia.nl\/en\/wp-json\/wp\/v2\/pages\/1225","targetHints":{"allow":["GET"]}}],"collection":[{"href":"https:\/\/sufipedia.nl\/en\/wp-json\/wp\/v2\/pages"}],"about":[{"href":"https:\/\/sufipedia.nl\/en\/wp-json\/wp\/v2\/types\/page"}],"author":[{"embeddable":true,"href":"https:\/\/sufipedia.nl\/en\/wp-json\/wp\/v2\/users\/1"}],"replies":[{"embeddable":true,"href":"https:\/\/sufipedia.nl\/en\/wp-json\/wp\/v2\/comments?post=1225"}],"version-history":[{"count":28,"href":"https:\/\/sufipedia.nl\/en\/wp-json\/wp\/v2\/pages\/1225\/revisions"}],"predecessor-version":[{"id":5194,"href":"https:\/\/sufipedia.nl\/en\/wp-json\/wp\/v2\/pages\/1225\/revisions\/5194"}],"up":[{"embeddable":true,"href":"https:\/\/sufipedia.nl\/en\/wp-json\/wp\/v2\/pages\/17"}],"wp:attachment":[{"href":"https:\/\/sufipedia.nl\/en\/wp-json\/wp\/v2\/media?parent=1225"}],"curies":[{"name":"wp","href":"https:\/\/api.w.org\/{rel}","templated":true}]}}