{"id":1223,"date":"2018-02-28T14:14:11","date_gmt":"2018-02-28T14:14:11","guid":{"rendered":"http:\/\/sufipedia.org\/?page_id=1223"},"modified":"2024-02-22T15:04:47","modified_gmt":"2024-02-22T15:04:47","slug":"zweden","status":"publish","type":"page","link":"https:\/\/sufipedia.nl\/en\/personenregister\/zweden\/","title":{"rendered":"Sweden"},"content":{"rendered":"<p>[vc_row css=&#8221;.vc_custom_1517562952751{padding-top: 30px !important;padding-bottom: 30px !important;}&#8221;][vc_column width=&#8221;1\/4&#8243;][vc_single_image image=&#8221;1393&#8243; img_size=&#8221;medium&#8221;][\/vc_column][vc_column width=&#8221;3\/4&#8243;][vc_column_text]<strong><em>Meyer &#8211; von Reutercrona, Mrs Hilda, Sheikha Sarferaz<\/em><\/strong><\/p>\n<p>1863 \u2013<\/p>\n<div id=\"gt-src-c\" class=\"g-unit\">\n<div id=\"gt-src-p\">\n<div id=\"src-translit\" class=\"translit\" dir=\"ltr\"><\/div>\n<\/div>\n<\/div>\n<div id=\"gt-res-c\" class=\"g-unit\">\n<div id=\"gt-res-p\">\n<div id=\"gt-res-data\">\n<div id=\"gt-res-wrap\">\n<div id=\"gt-res-content\">\n<div id=\"gt-res-dir-ctr\" class=\"trans-verified-button-small\" dir=\"ltr\"><span id=\"result_box\" class=\"\" lang=\"en\">Born in Sweden.\u00a0<span class=\"\">At the age of 28 she left for South America and married the widower of her cousin.<\/span>\u00a0<span class=\"\">There were already four children and together they got a fifth child.<\/span>\u00a0In 1904, when Hilda was 41, the couple left Buenos Aires for Brussels.\u00a0<span class=\"\">During the war of &#8217;14 &#8211; &#8217;18 the couple stayed in their country house in Switzerland.<\/span>\u00a0<span class=\"\">In the winter of &#8217;22 &#8211; &#8217;23 she goes to a lecture by Inayat Khan in Brussels, after seeing a portrait of him with a friend and becoming interested.<\/span>\u00a0<span class=\"\">She had been engaged in a spiritual search for a long time.<\/span>\u00a0<span class=\"\">Two days later she heard Murshid speak in a private house.<\/span>\u00a0<span class=\"\">Later in Switzerland, Murshid comes to see her home where she was initiated.<\/span>\u00a0<span class=\"\">In Bern in 1923 she is made\u00a0 National Representative of\u00a0<\/span><\/span>Switzerland by Murshid.<\/div>\n<\/div>\n<\/div>\n<\/div>\n<\/div>\n<\/div>\n<p>[\/vc_column_text][\/vc_column][\/vc_row][vc_row][vc_column][vc_separator][\/vc_column][\/vc_row][vc_row css=&#8221;.vc_custom_1517562961122{padding-top: 30px !important;padding-bottom: 30px !important;}&#8221;][vc_column width=&#8221;3\/4&#8243;][vc_column_text]<strong><em>Almgren, Alim<\/em><\/strong><\/p>\n<p>No further biographical data available yet.[\/vc_column_text][\/vc_column][vc_column width=&#8221;1\/4&#8243;][vc_single_image image=&#8221;1395&#8243; img_size=&#8221;medium&#8221; alignment=&#8221;right&#8221;][\/vc_column][\/vc_row][vc_row][vc_column][vc_separator][\/vc_column][\/vc_row][vc_row css=&#8221;.vc_custom_1517562952751{padding-top: 30px !important;padding-bottom: 30px !important;}&#8221;][vc_column width=&#8221;1\/4&#8243;][vc_single_image image=&#8221;1396&#8243; img_size=&#8221;medium&#8221;][\/vc_column][vc_column width=&#8221;3\/4&#8243;][vc_column_text]<strong><em>Almgren, Shanti<\/em><\/strong><\/p>\n<p>No further biographical data available yet.[\/vc_column_text][\/vc_column][\/vc_row][vc_row][vc_column][vc_separator][\/vc_column][\/vc_row][vc_row css=&#8221;.vc_custom_1517562961122{padding-top: 30px !important;padding-bottom: 30px !important;}&#8221;][vc_column width=&#8221;3\/4&#8243;][vc_column_text]<strong><em>Angstr\u00f6m, \u00a0Karima Anna-Greta<\/em><\/strong><\/p>\n<p>19 februari 1903 \u2013 1999<\/p>\n<p>Swedish mureed, visited the summer schools from the 30s. Was in the 40s, 50s and 60s national representative of Sweden as successor to Ulma Haglund who died in 1943. Karima himself reached the age of 96.[\/vc_column_text][\/vc_column][vc_column width=&#8221;1\/4&#8243;][vc_single_image image=&#8221;1398&#8243; img_size=&#8221;medium&#8221; alignment=&#8221;right&#8221;][\/vc_column][\/vc_row][vc_row][vc_column][vc_separator][\/vc_column][\/vc_row][vc_row css=&#8221;.vc_custom_1517562952751{padding-top: 30px !important;padding-bottom: 30px !important;}&#8221;][vc_column width=&#8221;1\/4&#8243;][vc_single_image image=&#8221;1399&#8243; img_size=&#8221;medium&#8221;][\/vc_column][vc_column width=&#8221;3\/4&#8243;][vc_column_text]<strong><em>Bergstr\u00f6m, Jamuna <\/em><\/strong><\/p>\n<p>Swedish mureed who assisted Murshid Ali Khan in the 1950s when he stayed in Geneva in the Headquarters apartment (Rue John Rehfous 11).<\/p>\n<p><img loading=\"lazy\" decoding=\"async\" class=\"size-medium wp-image-1401 aligncenter\" src=\"https:\/\/sufipedia.nl\/wp-content\/uploads\/2018\/03\/Rue-John-Refous-11-Gen\u00e8ve-215x300.png\" alt=\"\" width=\"215\" height=\"300\" srcset=\"https:\/\/sufipedia.nl\/wp-content\/uploads\/2018\/03\/Rue-John-Refous-11-Gen\u00e8ve-215x300.png 215w, https:\/\/sufipedia.nl\/wp-content\/uploads\/2018\/03\/Rue-John-Refous-11-Gen\u00e8ve-768x1073.png 768w, https:\/\/sufipedia.nl\/wp-content\/uploads\/2018\/03\/Rue-John-Refous-11-Gen\u00e8ve-733x1024.png 733w, https:\/\/sufipedia.nl\/wp-content\/uploads\/2018\/03\/Rue-John-Refous-11-Gen\u00e8ve.png 1079w\" sizes=\"auto, (max-width: 215px) 100vw, 215px\" \/><\/p>\n<p style=\"text-align: center;\">Rue John Rehfous 11, Gen\u00e8ve<\/p>\n<p>[\/vc_column_text][\/vc_column][\/vc_row][vc_row][vc_column][vc_separator][\/vc_column][\/vc_row][vc_row css=&#8221;.vc_custom_1517562961122{padding-top: 30px !important;padding-bottom: 30px !important;}&#8221;][vc_column width=&#8221;5\/6&#8243;][vc_column_text]<strong><em>Haglund, Ulma (Elsa Maria) Khalifa\u00a0\u00a0\u00a0\u00a0\u00a0\u00a0\u00a0\u00a0\u00a0\u00a0\u00a0\u00a0\u00a0\u00a0\u00a0\u00a0\u00a0\u00a0\u00a0\u00a0\u00a0\u00a0\u00a0\u00a0\u00a0\u00a0 <\/em><\/strong><\/p>\n<p>June 5, 1892 &#8211;\u00a0 August 23, 1943<\/p>\n<p>When Elsa Maria Haglund was born on 5 June 1892, in Norrk\u00f6ping, Norrk\u00f6ping Sankt Olai, \u00d6sterg\u00f6tland, Sweden, her father, Anders Gustaf Alfred Haglund, was 44 and her mother, Emma Carolina Bergstr\u00f6m, was 42.<\/p>\n<p>Swedish mureed and center leader in Stockholm. In 1924 she met Inayat Khan who held a lecture in Stockholm (in the buildings of the Medical Society in Klara \u00d6stra Kyrkogata 10). She then founded a department of the Sufi Movement in Sweden. She published articles in The Sufi Quarterly in the 1930&#8217;s and translated a number of books by Hazrat Inayat Khan into Swedish. She was typified by him as Biqimti, i.e. Priceless.<\/p>\n<p>The Sufi Movement had its first premises in Snickarbacken 6, in Humleg\u00e5rden in Stockholm. Elsa Haglund himself lived in Kungstensgatan 3, just below the Engelbrekt Church, a few hundred meters to the north.<\/p>\n<p>Elsa died of tuberculosis in 1943.[\/vc_column_text][\/vc_column][vc_column width=&#8221;1\/6&#8243;][vc_single_image image=&#8221;3140&#8243; img_size=&#8221;medium&#8221; alignment=&#8221;right&#8221;][\/vc_column][\/vc_row][vc_row][vc_column][vc_separator][\/vc_column][\/vc_row][vc_row full_height=&#8221;yes&#8221;][vc_column][vc_separator][\/vc_column][\/vc_row][vc_row css=&#8221;.vc_custom_1517562952751{padding-top: 30px !important;padding-bottom: 30px !important;}&#8221;][vc_column width=&#8221;1\/4&#8243;][vc_single_image image=&#8221;1405&#8243; img_size=&#8221;medium&#8221;][\/vc_column][vc_column width=&#8221;3\/4&#8243;][vc_column_text]<strong><em>Berild, Munir<\/em><\/strong><\/p>\n<p>Further details follow[\/vc_column_text][\/vc_column][\/vc_row][vc_row][vc_column][vc_separator][\/vc_column][\/vc_row][vc_row css=&#8221;.vc_custom_1517562961122{padding-top: 30px !important;padding-bottom: 30px !important;}&#8221;][vc_column width=&#8221;5\/6&#8243;][vc_column_text]<strong><em>Berild, Karim <\/em><\/strong><\/p>\n<p>&nbsp;<\/p>\n<p>Son of Munir Berild ?[\/vc_column_text][\/vc_column][vc_column width=&#8221;1\/6&#8243;][vc_single_image image=&#8221;1406&#8243; img_size=&#8221;medium&#8221; alignment=&#8221;right&#8221;][\/vc_column][vc_column][\/vc_column][\/vc_row][vc_row][vc_column][vc_separator][\/vc_column][\/vc_row]<\/p>","protected":false},"excerpt":{"rendered":"<p>[vc_row css=&#8221;.vc_custom_1517562952751{padding-top: 30px !important;padding-bottom: 30px !important;}&#8221;][vc_column width=&#8221;1\/4&#8243;][vc_single_image image=&#8221;1393&#8243; img_size=&#8221;medium&#8221;][\/vc_column][vc_column width=&#8221;3\/4&#8243;][vc_column_text]Meyer &#8211; von Reutercrona, Mrs Hilda, Sheikha Sarferaz 1863 \u2013 Born in Sweden.\u00a0At the age of 28 she left for South America and married the widower of her cousin.\u00a0There were already four children and together they got a fifth child.\u00a0In 1904, when Hilda was 41, the [&hellip;]<\/p>\n","protected":false},"author":1,"featured_media":0,"parent":17,"menu_order":0,"comment_status":"closed","ping_status":"closed","template":"","meta":{"footnotes":""},"class_list":["post-1223","page","type-page","status-publish","hentry"],"_links":{"self":[{"href":"https:\/\/sufipedia.nl\/en\/wp-json\/wp\/v2\/pages\/1223","targetHints":{"allow":["GET"]}}],"collection":[{"href":"https:\/\/sufipedia.nl\/en\/wp-json\/wp\/v2\/pages"}],"about":[{"href":"https:\/\/sufipedia.nl\/en\/wp-json\/wp\/v2\/types\/page"}],"author":[{"embeddable":true,"href":"https:\/\/sufipedia.nl\/en\/wp-json\/wp\/v2\/users\/1"}],"replies":[{"embeddable":true,"href":"https:\/\/sufipedia.nl\/en\/wp-json\/wp\/v2\/comments?post=1223"}],"version-history":[{"count":22,"href":"https:\/\/sufipedia.nl\/en\/wp-json\/wp\/v2\/pages\/1223\/revisions"}],"predecessor-version":[{"id":5033,"href":"https:\/\/sufipedia.nl\/en\/wp-json\/wp\/v2\/pages\/1223\/revisions\/5033"}],"up":[{"embeddable":true,"href":"https:\/\/sufipedia.nl\/en\/wp-json\/wp\/v2\/pages\/17"}],"wp:attachment":[{"href":"https:\/\/sufipedia.nl\/en\/wp-json\/wp\/v2\/media?parent=1223"}],"curies":[{"name":"wp","href":"https:\/\/api.w.org\/{rel}","templated":true}]}}